{"id":10874,"date":"2025-08-01T13:07:42","date_gmt":"2025-08-01T11:07:42","guid":{"rendered":"https:\/\/www.bicyclestorelecce.com\/?page_id=10874"},"modified":"2025-08-07T18:22:46","modified_gmt":"2025-08-07T16:22:46","slug":"termini-e-condizioni","status":"publish","type":"page","link":"https:\/\/www.bicyclestorelecce.com\/en\/termini-e-condizioni\/","title":{"rendered":"Terms and Conditions of Use"},"content":{"rendered":"<div data-elementor-type=\"wp-page\" data-elementor-id=\"10874\" class=\"elementor elementor-10874\">\n\t\t\t\t<div class=\"elementor-element elementor-element-c0fbb9d e-flex e-con-boxed wpr-particle-no wpr-jarallax-no wpr-parallax-no wpr-sticky-section-no e-con e-parent\" data-id=\"c0fbb9d\" data-element_type=\"container\" data-e-type=\"container\">\n\t\t\t\t\t<div class=\"e-con-inner\">\n\t\t\n\t\t<div class=\"elementor-element elementor-element-5c16808 elementor-widget elementor-widget-text-editor\" data-id=\"5c16808\" data-element_type=\"widget\" data-e-type=\"widget\" data-widget_type=\"text-editor.default\">\n\t\t\t\t<div class=\"elementor-widget-container\">\n\t\t\t\t\t\t\t\t\t<p><\/p>\n<p><b>Terms and Conditions of Use<\/b><\/p>\n<p><b>1. General information<\/b><\/p>\n<p class=\"translation-block\">This site is owned by Bicycle Store \u2013 Via Leuca 78C \u2013 73100 (Le) \u2013 VAT number: 05350240759.<br>Access to and use of the site implies full and unconditional acceptance of these Terms and Conditions.<\/p>\n<p><b>2. Purpose of the site<\/b><\/p>\n<p class=\"translation-block\">The site is for <b>informative and promotional<\/b> purposes: it presents the bicycle sales and rental services, accessories, and related activities offered by Bicycle Store.<br>The information provided does not constitute a binding contractual offer and is subject to change without notice.<\/p>\n<p><b>3. Servizi di noleggio<\/b><\/p>\n<p>Le condizioni specifiche relative al noleggio (tariffe, modalit\u00e0 di ritiro e riconsegna, cauzioni, responsabilit\u00e0, assicurazioni e regolamenti) vengono comunicate direttamente al cliente al momento della prenotazione o della stipula del contratto presso la sede.<\/p>\n<p><b>4. Correct use of the site<\/b><\/p>\n<p>The user agrees to use the site lawfully and in compliance with applicable laws. The following are prohibited:<\/p>\n<ul>\n<li>\n<p>Tamper with, damage or compromise the functioning of the site;<\/p>\n<\/li>\n<li>\n<p>Use the contents without permission;<\/p>\n<\/li>\n<li>\n<p>Entering false, inaccurate, or incomplete information into contact forms.<\/p>\n<\/li>\n<\/ul>\n<p><b>5. Limitations of liability for the use of the site<\/b><\/p>\n<p class=\"translation-block\">Bicycle Store is committed to keeping the site up to date and functional, but does not guarantee the absence of errors, interruptions, or inaccuracies.<br>It is not responsible for direct or indirect damages resulting from the use or inability to use the site or its contents.<\/p>\n<p><b>6. Disclaimer for bicycle rental<\/b><\/p>\n<p>The customer who rents a bicycle declares to:<\/p>\n<ul>\n<li>\n<p>Be in suitable physical and mental condition to use the vehicle;<\/p>\n<\/li>\n<li>\n<p>Have the necessary experience and technical ability to conduct it safely;<\/p>\n<\/li>\n<li>\n<p>Respect the Highway Code and all applicable regulations.<\/p>\n<\/li>\n<\/ul>\n<p class=\"translation-block\"><b>Bicycle Store<\/b> is not responsible for:<\/p>\n<ul>\n<li>\n<p>Accidents, damage to property or persons, injuries or lesions resulting from improper use of the bicycle;<\/p>\n<\/li>\n<li>\n<p>Loss, thefts or damage to the vehicle occurring during the rental period;<\/p>\n<\/li>\n<li>\n<p>Any illegal or unlawful use by the customer.<\/p>\n<\/li>\n<\/ul>\n<p>The customer is responsible for any damage caused to third parties or to the vehicle during the rental period and undertakes to return the bicycle in the condition in which it was delivered, except for normal use.<\/p>\n<p><b>7. Intellectual property<\/b><\/p>\n<p>All content (text, photographs, logos, trademarks, graphics) is the property of Bicycle Store or used under license. Any unauthorized use, in whole or in part, is prohibited and punishable by law.<\/p>\n<p><b>8. Links to third-party sites<\/b><\/p>\n<p>The site may contain links to external sites. Bicycle Store is not responsible for the content, products, or services offered by third parties and does not guarantee the safety or reliability of such sites.<\/p>\n<p><b>9. Processing of personal data<\/b><\/p>\n<p class=\"translation-block\">Any collection of personal data (for example, via contact forms) is in compliance with EU Regulation 2016\/679 (GDPR) and Italian data protection legislation.<br>For detailed information on data processing, please refer to the Privacy Policy.<\/p>\n<p><b>10. Changes to the Terms and Conditions<\/b><\/p>\n<p>Bicycle Store may update or modify these Terms and Conditions at any time by posting the new version on this page.<\/p>\n<p><b>11. Applicable law and competent court<\/b><\/p>\n<p>These Terms and Conditions are governed by Italian law. Any disputes shall be subject to the exclusive jurisdiction of the Court of Lecce.<\/p>\t\t\t\t\t\t\t\t<\/div>\n\t\t\t\t<\/div>\n\t\t\t\t\t<\/div>\n\t\t\t\t<\/div>\n\t\t\t\t<\/div>","protected":false},"excerpt":{"rendered":"<p>Termini e Condizioni d\u2019Uso 1. Informazioni generali Il presente sito \u00e8 di propriet\u00e0 di Bicycle Store &#8211; Via Leuca 78C &#8211; 73100 (Le) &#8211; Partita IVA: 05350240759.L\u2019accesso e l\u2019utilizzo del sito implicano l\u2019accettazione integrale e incondizionata dei presenti Termini e Condizioni. 2. Oggetto del sito Il sito ha scopo informativo e promozionale: presenta i servizi di vendita e noleggio biciclette, accessori e attivit\u00e0 correlate offerti da Bicycle Store.Le informazioni presenti non costituiscono offerta contrattuale vincolante e possono essere soggette a modifiche senza preavviso. 3. Servizi di noleggio Le condizioni specifiche relative al noleggio (tariffe, modalit\u00e0 di ritiro e riconsegna, cauzioni, responsabilit\u00e0, assicurazioni e regolamenti) vengono comunicate direttamente al cliente al momento della prenotazione o della stipula del contratto presso la sede. 4. Uso corretto del sito L\u2019utente si impegna a utilizzare il sito in modo lecito e conforme alla normativa vigente. \u00c8 vietato: Manomettere, danneggiare o compromettere il funzionamento del sito; Utilizzare i contenuti senza autorizzazione; Inserire dati falsi, inesatti o incompleti nei moduli di contatto. 5. Limitazioni di responsabilit\u00e0 per l\u2019uso del sito Bicycle Store&nbsp;si impegna a mantenere il sito aggiornato e funzionante, ma non garantisce l\u2019assenza di errori, interruzioni o imprecisioni.Non \u00e8 responsabile per danni diretti o indiretti derivanti dall\u2019uso o dall\u2019impossibilit\u00e0 di utilizzo del sito o dei suoi contenuti. 6. Esclusione di responsabilit\u00e0 per il noleggio biciclette Il cliente che noleggia una bicicletta dichiara di: Essere in idonee condizioni fisiche e psicofisiche per l\u2019uso del mezzo; Avere la necessaria esperienza e capacit\u00e0 tecnica per condurlo in sicurezza; Rispettare il Codice della Strada e ogni normativa vigente. Bicycle Store non \u00e8 responsabile per: Incidenti, danni a cose o persone, infortuni o lesioni derivanti dall\u2019uso improprio della bicicletta; Smarrimenti, furti o danneggiamenti del mezzo avvenuti durante il periodo di noleggio; Qualsiasi uso illecito o contrario alle norme da parte del cliente. Il cliente \u00e8 responsabile dei danni causati a terzi o al mezzo durante il periodo di noleggio e si impegna a restituire la bicicletta nello stato in cui \u00e8 stata consegnata, salvo il normale utilizzo. 7. Propriet\u00e0 intellettuale Tutti i contenuti (testi, fotografie, loghi, marchi, grafiche) sono di propriet\u00e0 di Bicycle Store&nbsp;o utilizzati con licenza. Qualsiasi utilizzo non autorizzato, totale o parziale, \u00e8 vietato e perseguibile ai sensi di legge. 8. Link a siti di terzi Il sito pu\u00f2 contenere link a siti esterni.Bicycle Store&nbsp;non \u00e8 responsabile dei contenuti, prodotti o servizi offerti da soggetti terzi e non garantisce la sicurezza o affidabilit\u00e0 di tali siti. 9. Trattamento dei dati personali L\u2019eventuale raccolta di dati personali (ad esempio tramite form di contatto) avviene nel rispetto del Regolamento UE 2016\/679 (GDPR) e della normativa italiana in materia di protezione dei dati.Per informazioni dettagliate sul trattamento dei dati, si rimanda alla Privacy Policy. 10. Modifiche ai Termini e Condizioni Bicycle Store pu\u00f2 aggiornare o modificare i presenti Termini e Condizioni in qualsiasi momento, pubblicando la nuova versione su questa pagina. 11. Legge applicabile e foro competente I presenti Termini e Condizioni sono regolati dalla legge italiana. Per qualsiasi controversia \u00e8 competente esclusivamente il Foro di Lecce.<\/p>","protected":false},"author":1,"featured_media":0,"parent":0,"menu_order":0,"comment_status":"closed","ping_status":"closed","template":"elementor_canvas","meta":{"footnotes":""},"class_list":["post-10874","page","type-page","status-publish","hentry"],"_links":{"self":[{"href":"https:\/\/www.bicyclestorelecce.com\/en\/wp-json\/wp\/v2\/pages\/10874","targetHints":{"allow":["GET"]}}],"collection":[{"href":"https:\/\/www.bicyclestorelecce.com\/en\/wp-json\/wp\/v2\/pages"}],"about":[{"href":"https:\/\/www.bicyclestorelecce.com\/en\/wp-json\/wp\/v2\/types\/page"}],"author":[{"embeddable":true,"href":"https:\/\/www.bicyclestorelecce.com\/en\/wp-json\/wp\/v2\/users\/1"}],"replies":[{"embeddable":true,"href":"https:\/\/www.bicyclestorelecce.com\/en\/wp-json\/wp\/v2\/comments?post=10874"}],"version-history":[{"count":11,"href":"https:\/\/www.bicyclestorelecce.com\/en\/wp-json\/wp\/v2\/pages\/10874\/revisions"}],"predecessor-version":[{"id":10895,"href":"https:\/\/www.bicyclestorelecce.com\/en\/wp-json\/wp\/v2\/pages\/10874\/revisions\/10895"}],"wp:attachment":[{"href":"https:\/\/www.bicyclestorelecce.com\/en\/wp-json\/wp\/v2\/media?parent=10874"}],"curies":[{"name":"wp","href":"https:\/\/api.w.org\/{rel}","templated":true}]}}