{"id":3,"date":"2024-09-23T12:19:21","date_gmt":"2024-09-23T10:19:21","guid":{"rendered":"http:\/\/www.bicyclestorelecce.com\/?page_id=3"},"modified":"2025-08-07T18:22:27","modified_gmt":"2025-08-07T16:22:27","slug":"privacy-policy","status":"publish","type":"page","link":"https:\/\/www.bicyclestorelecce.com\/en\/privacy-policy\/","title":{"rendered":"Privacy Policy"},"content":{"rendered":"<div data-elementor-type=\"wp-page\" data-elementor-id=\"3\" class=\"elementor elementor-3\">\n\t\t\t\t<div class=\"elementor-element elementor-element-fa01cf2 e-flex e-con-boxed wpr-particle-no wpr-jarallax-no wpr-parallax-no wpr-sticky-section-no e-con e-parent\" data-id=\"fa01cf2\" data-element_type=\"container\" data-e-type=\"container\">\n\t\t\t\t\t<div class=\"e-con-inner\">\n\t\t\n\t\t<div class=\"elementor-element elementor-element-633471a elementor-widget elementor-widget-text-editor\" data-id=\"633471a\" data-element_type=\"widget\" data-e-type=\"widget\" data-widget_type=\"text-editor.default\">\n\t\t\t\t<div class=\"elementor-widget-container\">\n\t\t\t\t\t\t\t\t\t<p><b>Privacy Policy (updated August 2025)<\/b><\/p>\n<p><b>1. Data controller<\/b><\/p>\n<p class=\"translation-block\">The Data Controller is <b>Bijan Mirko Paolo Djalili<\/b>, owner of <b>Bicycle Store Lecce<\/b>, with registered office in Bicycle Store \u2013 Via Leuca 78C \u2013 73100 (Le) \u2013 VAT number: 05350240759.<br>PEC: <b>djalili@pec.it<\/b><\/p>\n<p><b>2. Type of data collected<\/b><\/p>\n<p class=\"translation-block\">The following personal data may be collected through the website <b>www.bicyclestorelecce.com<\/b>:<\/p>\n<ul>\n<li>\n<p class=\"translation-block\"><b>Identification and contact data<\/b> (name, surname, email, telephone number) voluntarily sent by the user via the contact form or other communication channels;<\/p>\n<\/li>\n<li>\n<p class=\"translation-block\"><b>Technical navigation data<\/b> (IP address, browser type, pages visited, access time) collected automatically through technical and analytical cookies.<\/p>\n<\/li>\n<\/ul>\n<p>No special data (pursuant to Article 9 of the GDPR) is collected unless the user has explicitly consented.<\/p>\n<p><b>3. Purpose and legal basis of the processing<\/b><\/p>\n<p>The personal data collected are processed for the following purposes:<\/p>\n<ul>\n<li>\n<p>Respond to requests for information or quotes (legal basis: art. 6.1.b GDPR \u2013 execution of pre-contractual measures);<\/p>\n<\/li>\n<li>\n<p>Comply with legal obligations (legal basis: art. 6.1.c GDPR);<\/p>\n<\/li>\n<li>\n<p>Manage any commercial communications, only if the user has given their consent (legal basis: art. 6.1.a GDPR);<\/p>\n<\/li>\n<li>\n<p>Improve navigation and user experience of the site through statistical tools (legal basis: legitimate interest \u2013 art. 6.1.f GDPR).<\/p>\n<\/li>\n<\/ul>\n<p><b>4. Processing and storage methods<\/b><\/p>\n<p>Personal data is processed electronically and on paper, adopting appropriate technical and organizational measures to ensure security and confidentiality.<br>The data is stored for the time necessary to achieve the purposes for which it was collected and, in any case:<\/p>\n<ul>\n<li>\n<p>Data collected via contact form: up to 24 months from the last contact;<\/p>\n<\/li>\n<li>\n<p>Technical navigation data: according to the times indicated in the Cookie Policy.<\/p>\n<\/li>\n<\/ul>\n<p><b>5. Communication and dissemination of data<\/b><\/p>\n<p>Personal data will not be disclosed. It may be shared with:<\/p>\n<ul>\n<li>\n<p>Collaborators and suppliers of the Data Controller (for example, web service providers, hosting, site maintenance);<\/p>\n<\/li>\n<li>\n<p>Professionals and consultants for tax and administrative compliance;<\/p>\n<\/li>\n<li>\n<p>Competent authorities, if required by law.<\/p>\n<\/li>\n<\/ul>\n<p>All subjects operate as external data processors or as persons authorized by the Data Controller.<\/p>\n<p><b>6. Transfer of data outside the EU<\/b><\/p>\n<p>Personal data is not transferred to countries outside the EU. If necessary (for example, for cloud services), the transfer will be carried out in accordance with Articles 44 et seq. of the GDPR.<\/p>\n<p><b>7. Rights of the interested party<\/b><\/p>\n<p>The user, as the interested party, may exercise at any time the rights provided for by Articles 15\u201322 of the GDPR, and in particular:<\/p>\n<ul>\n<li>\n<p>Right of access to data;<\/p>\n<\/li>\n<li>\n<p>Right to rectification or erasure;<\/p>\n<\/li>\n<li>\n<p>Right to restriction of processing;<\/p>\n<\/li>\n<li>\n<p>Right to object;<\/p>\n<\/li>\n<li>\n<p>Right to data portability;<\/p>\n<\/li>\n<li>\n<p>Right to withdraw consent at any time (without affecting the lawfulness of previous processing).<\/p>\n<\/li>\n<\/ul>\n<p class=\"translation-block\">To exercise your rights, you can send a request to the Data Controller via certified email: <b>djalili@pec.it<\/b> or by ordinary email to info@bicyclestorelecce.com.<\/p>\n<p><b>8. Complaint to the Supervisory Authority<\/b><\/p>\n<p>If you believe that the processing of your data violates the law, you have the right to lodge a complaint with the Italian Data Protection Authority (www.garanteprivacy.it).<\/p>\n<p><b>9. Changes to the Privacy Policy<\/b><\/p>\n<p>This Privacy Policy may be updated at any time. Any changes will be posted on this page with the new update date.<\/p>\n<p><\/p>\t\t\t\t\t\t\t\t<\/div>\n\t\t\t\t<\/div>\n\t\t\t\t\t<\/div>\n\t\t\t\t<\/div>\n\t\t\t\t<\/div>","protected":false},"excerpt":{"rendered":"<p>Privacy Policy (aggiornata a Agosto 2025) 1. Titolare del trattamento Il Titolare del trattamento dei dati personali \u00e8 Bijan Mirko Paolo Djalili, titolare di Bicycle Store Lecce, con sede in Bicycle Store &#8211; Via Leuca 78C &#8211; 73100 (Le) &#8211; Partita IVA: 05350240759.PEC: djalili@pec.it 2. Tipologia di dati raccolti Attraverso il sito www.bicyclestorelecce.com possono essere raccolti i seguenti dati personali: Dati identificativi e di contatto (nome, cognome, e-mail, telefono) inviati volontariamente dall\u2019utente tramite il modulo di contatto o altri canali di comunicazione; Dati tecnici di navigazione (indirizzo IP, tipo di browser, pagine visitate, orario di accesso) raccolti automaticamente tramite cookie tecnici e analitici. Non vengono raccolti dati particolari (ex art. 9 GDPR) salvo esplicito consenso dell\u2019utente. 3. Finalit\u00e0 e base giuridica del trattamento I dati personali raccolti sono trattati per le seguenti finalit\u00e0: Rispondere a richieste di informazioni o preventivi (base giuridica: art. 6.1.b GDPR \u2013 esecuzione di misure precontrattuali); Adempiere ad obblighi di legge (base giuridica: art. 6.1.c GDPR); Gestire eventuali comunicazioni commerciali, solo se l\u2019utente ha espresso consenso (base giuridica: art. 6.1.a GDPR); Migliorare la navigazione e l\u2019esperienza d\u2019uso del sito tramite strumenti statistici (base giuridica: legittimo interesse \u2013 art. 6.1.f GDPR). 4. Modalit\u00e0 di trattamento e conservazione I dati personali sono trattati in forma elettronica e cartacea, adottando misure tecniche e organizzative adeguate a garantire la sicurezza e la riservatezza.I dati sono conservati per il tempo necessario al raggiungimento delle finalit\u00e0 per cui sono stati raccolti e, in ogni caso: Dati raccolti tramite modulo contatto: fino a 24 mesi dall\u2019ultimo contatto; Dati tecnici di navigazione: secondo i tempi indicati nella Cookie Policy. 5. Comunicazione e diffusione dei dati I dati personali non saranno diffusi. Potranno essere comunicati a: Collaboratori e fornitori del Titolare (ad esempio fornitori di servizi web, hosting, manutenzione sito); Professionisti e consulenti per adempimenti fiscali e amministrativi; Autorit\u00e0 competenti, se previsto da obblighi di legge. Tutti i soggetti operano in qualit\u00e0 di Responsabili esterni del trattamento o di soggetti autorizzati dal Titolare. 6. Trasferimento dei dati fuori dall\u2019UE I dati personali non sono trasferiti verso Paesi extra UE. Qualora fosse necessario (ad esempio per servizi cloud), il trasferimento avverr\u00e0 in conformit\u00e0 agli artt. 44 e seguenti del GDPR. 7. Diritti dell\u2019interessato L\u2019utente, in qualit\u00e0 di interessato, pu\u00f2 esercitare in qualsiasi momento i diritti previsti dagli artt. 15\u201322 del GDPR, e in particolare: Diritto di accesso ai dati; Diritto di rettifica o cancellazione; Diritto di limitazione del trattamento; Diritto di opposizione; Diritto alla portabilit\u00e0 dei dati; Diritto di revocare il consenso in qualsiasi momento (senza pregiudicare la liceit\u00e0 del trattamento precedente). Per esercitare i diritti \u00e8 possibile inviare una richiesta al Titolare tramite PEC: djalili@pec.it o e-mail ordinaria info@bicyclestorelecce.com. 8. Reclamo all\u2019Autorit\u00e0 di controllo Qualora ritenga che il trattamento dei dati violi la normativa, l\u2019utente ha diritto di proporre reclamo al Garante per la Protezione dei Dati Personali (www.garanteprivacy.it). 9. Modifiche alla Privacy Policy La presente Privacy Policy potr\u00e0 essere aggiornata in qualsiasi momento. Eventuali modifiche saranno pubblicate su questa pagina con la nuova data di aggiornamento.<\/p>","protected":false},"author":1,"featured_media":0,"parent":0,"menu_order":0,"comment_status":"closed","ping_status":"closed","template":"elementor_canvas","meta":{"footnotes":""},"class_list":["post-3","page","type-page","status-publish","hentry"],"_links":{"self":[{"href":"https:\/\/www.bicyclestorelecce.com\/en\/wp-json\/wp\/v2\/pages\/3","targetHints":{"allow":["GET"]}}],"collection":[{"href":"https:\/\/www.bicyclestorelecce.com\/en\/wp-json\/wp\/v2\/pages"}],"about":[{"href":"https:\/\/www.bicyclestorelecce.com\/en\/wp-json\/wp\/v2\/types\/page"}],"author":[{"embeddable":true,"href":"https:\/\/www.bicyclestorelecce.com\/en\/wp-json\/wp\/v2\/users\/1"}],"replies":[{"embeddable":true,"href":"https:\/\/www.bicyclestorelecce.com\/en\/wp-json\/wp\/v2\/comments?post=3"}],"version-history":[{"count":10,"href":"https:\/\/www.bicyclestorelecce.com\/en\/wp-json\/wp\/v2\/pages\/3\/revisions"}],"predecessor-version":[{"id":10967,"href":"https:\/\/www.bicyclestorelecce.com\/en\/wp-json\/wp\/v2\/pages\/3\/revisions\/10967"}],"wp:attachment":[{"href":"https:\/\/www.bicyclestorelecce.com\/en\/wp-json\/wp\/v2\/media?parent=3"}],"curies":[{"name":"wp","href":"https:\/\/api.w.org\/{rel}","templated":true}]}}